{"id":810,"date":"2024-05-02T12:34:59","date_gmt":"2024-05-02T12:34:59","guid":{"rendered":"https:\/\/2024.barberasnacks.com\/politica-de-privacidad\/"},"modified":"2024-07-11T12:28:03","modified_gmt":"2024-07-11T12:28:03","slug":"privacy-policy","status":"publish","type":"page","link":"https:\/\/barberasnacks.com\/en\/privacy-policy\/","title":{"rendered":"Privacy policy"},"content":{"rendered":"\t<section class=\"section\" id=\"section_836300965\">\n\t\t<div class=\"bg section-bg fill bg-fill  bg-loaded\" >\n\n\t\t\t\n\t\t\t\n\t\t\t\n\n\t\t<\/div>\n\n\t\t\n\n\t\t<div class=\"section-content relative\">\n\t\t\t\n<div class=\"row\"  id=\"row-1446845640\">\n\n\t<div id=\"col-1703971235\" class=\"col small-12 large-12\"  >\n\t\t\t\t<div class=\"col-inner\"  >\n\t\t\t\n\t\t\t\n\t<div id=\"gap-1773368690\" class=\"gap-element clearfix\" style=\"display:block; height:auto;\">\n\t\t\n<style>\n#gap-1773368690 {\n  padding-top: 60px;\n}\n<\/style>\n\t<\/div>\n\t\n\t<div id=\"text-3518036200\" class=\"text\">\n\t\t\n<h1>Privacy policy<\/h1>\n\t\t\n<style>\n#text-3518036200 {\n  font-size: 3.5rem;\n  line-height: 1.2;\n  color: rgb(199, 137, 62);\n}\n#text-3518036200 > * {\n  color: rgb(199, 137, 62);\n}\n<\/style>\n\t<\/div>\n\t\n<h3>1.- IDENTIFICATION DATA<\/h3>\n<p>This Website, whose owner is:<br \/>BARBER\u00c1 SNACKS S.L.<\/p>\n<p>Phone +34 96 242 80 50<br \/>CIF\/NIF: B96366596<br \/>Postal address: Pol. Ind. Cotes, C\/Aiguaders 7 46680 Algemes\u00ed (Valencia) Spain<br \/>Email: barberasnacks@barberasnacks.com<br \/>Website: www.barberasnacks.com<\/p>\n<p>From now on we will refer to the owner \u201cBarber\u00e1 Snacks\u201d.<\/p>\n<p><strong>REPRESENTATIVE<\/strong><\/p>\n<p>This is the person responsible or his\/her legal representative, if applicable.<\/p>\n<p>DPD<\/p>\n<p>No Data Protection Delegate (DPD) is contemplated, as it is not necessary due to the type of processing carried out and the results obtained in the prior risk analysis that has been carried out.<\/p>\n<p><strong>PURPOSE<\/strong><\/p>\n<p>To provide you with the service you have requested in each of the contact forms. To inform and manage the activities, services and products that we have offered you and those requested and contracted, as well as to inform you of the news, novelties and updates that are produced in the same, not being used for other purposes.<\/p>\n<p><strong>LEGITIMATION<\/strong><\/p>\n<p>Legal basis: The consent of the interested party granted to carry out the purposes described above. This consent meets the requirements of the RGPD. And the interested party is empowered to withdraw the consent given.<\/p>\n<p><strong>CATEGORIES<\/strong><\/p>\n<p>Identification data The identification data provided by the user are processed with little risk to the rights and freedoms of individuals.<\/p>\n<p><strong>TARGET<\/strong><\/p>\n<p>Transfer of data: No data is transferred, except where there is a legal obligation to do so.<br \/>Data communicated to data processors or to persons acting under the control of the data controller are not considered to be transfers of data.<\/p>\n<p>Barbera Snacks&#8217; PROCESSORS are the following:<\/p>\n<ul>\n<li>SSII: Barber\u00e1 Snacks owned by Barber\u00e1 Snacks S.L.<\/li>\n<li>MANAGEMENT COMPANY: XXXXXXXXXXXXXXXXXX<\/li>\n<li>HOSTING: XXXXXXXXXXXXXXXXXX<\/li>\n<li>EMAIL-MARKETING: XXXXXXXX<\/li>\n<li>STORAGE &#8220;IN THE CLOUD&#8221;: GOOGLE IRELAND LIMITED responsible for the data deposited in GOOGLE DRIVE;<\/li>\n<li>APPLICATIONS &#8211; APPS: ; GOOGLE IRELAND LIMITED responsible for data deposited with YouTube LLC<\/li>\n<li>DATA MANAGEMENT PLATFORMS: GOOGLE IRELAND LIMITED responsible for the data deposited with Google Analytics<\/li>\n<li>PAYMENT PLATFORMS: XXXXXXXXXXX<\/li>\n<li>VIDEO CALLING PLATFORMS: GOOGLE IRELAND LIMITED responsible for the data held at HANGOUTS<\/li>\n<\/ul>\n<p>Transfers to third countries: No international data transfers are made.<\/p>\n<p><strong>RIGHTS<\/strong><\/p>\n<p>Any person has the right to obtain confirmation of the processing of their data carried out by Barber\u00e1 Snacks. To this end, they may exercise their rights of access, rectification, deletion and portability of their data, of limitation and opposition to its processing, as well as the right not to be subject to decisions based solely on the automated processing of their data, or on the creation of profiles, by writing to the following address: barberasnacks@barberasnacks.com.<\/p>\n<p>If your rights are not respected, you may lodge a complaint with the Data Protection Agency:<\/p>\n<p><a href=\"https:\/\/sedeagpd.gob.es\/sede-electronica-web\/vistas\/formReclamacionDerechos\/reclamacionDerechos.jsf\">https:\/\/sedeagpd.gob.es\/sede-electronica-web\/vistas\/formReclamacionDerechos\/reclamacionDerechos.jsf<\/a><\/p>\n\t\t<\/div>\n\t\t\t\t\t<\/div>\n\n\t\n<\/div>\n\t\t<\/div>\n\n\t\t\n<style>\n#section_836300965 {\n  padding-top: 30px;\n  padding-bottom: 30px;\n}\n<\/style>\n\t<\/section>\n\t\n","protected":false},"excerpt":{"rendered":"","protected":false},"author":1,"featured_media":0,"parent":0,"menu_order":1000,"comment_status":"closed","ping_status":"closed","template":"","meta":{"footnotes":""},"class_list":["post-810","page","type-page","status-publish","hentry"],"acf":[],"yoast_head":"<!-- This site is optimized with the Yoast SEO plugin v26.7 - https:\/\/yoast.com\/wordpress\/plugins\/seo\/ -->\n<title>Privacy policy | Barber\u00e1 Snacks<\/title>\n<meta name=\"robots\" content=\"noindex, nofollow\" \/>\n<meta property=\"og:locale\" content=\"en_US\" \/>\n<meta property=\"og:type\" content=\"article\" \/>\n<meta property=\"og:title\" content=\"Privacy policy | Barber\u00e1 Snacks\" \/>\n<meta property=\"og:url\" content=\"https:\/\/barberasnacks.com\/en\/privacy-policy\/\" \/>\n<meta property=\"og:site_name\" content=\"Barber\u00e1 Snacks\" \/>\n<meta property=\"article:modified_time\" content=\"2024-07-11T12:28:03+00:00\" \/>\n<meta name=\"twitter:card\" content=\"summary_large_image\" \/>\n<meta name=\"twitter:label1\" content=\"Est. reading time\" \/>\n\t<meta name=\"twitter:data1\" content=\"3 minutes\" \/>\n<script type=\"application\/ld+json\" class=\"yoast-schema-graph\">{\"@context\":\"https:\/\/schema.org\",\"@graph\":[{\"@type\":\"WebPage\",\"@id\":\"https:\/\/barberasnacks.com\/en\/privacy-policy\/\",\"url\":\"https:\/\/barberasnacks.com\/en\/privacy-policy\/\",\"name\":\"Privacy policy | Barber\u00e1 Snacks\",\"isPartOf\":{\"@id\":\"https:\/\/barberasnacks.com\/en\/#website\"},\"datePublished\":\"2024-05-02T12:34:59+00:00\",\"dateModified\":\"2024-07-11T12:28:03+00:00\",\"breadcrumb\":{\"@id\":\"https:\/\/barberasnacks.com\/en\/privacy-policy\/#breadcrumb\"},\"inLanguage\":\"en-US\",\"potentialAction\":[{\"@type\":\"ReadAction\",\"target\":[\"https:\/\/barberasnacks.com\/en\/privacy-policy\/\"]}]},{\"@type\":\"BreadcrumbList\",\"@id\":\"https:\/\/barberasnacks.com\/en\/privacy-policy\/#breadcrumb\",\"itemListElement\":[{\"@type\":\"ListItem\",\"position\":1,\"name\":\"Home\",\"item\":\"https:\/\/barberasnacks.com\/en\/\"},{\"@type\":\"ListItem\",\"position\":2,\"name\":\"Privacy policy\"}]},{\"@type\":\"WebSite\",\"@id\":\"https:\/\/barberasnacks.com\/en\/#website\",\"url\":\"https:\/\/barberasnacks.com\/en\/\",\"name\":\"Barber\u00e1 Snacks\",\"description\":\"Snacks a medida a trav\u00e9s de recetas secretas que aportan color, aroma y texturas \u00fanicas\",\"publisher\":{\"@id\":\"https:\/\/barberasnacks.com\/en\/#organization\"},\"potentialAction\":[{\"@type\":\"SearchAction\",\"target\":{\"@type\":\"EntryPoint\",\"urlTemplate\":\"https:\/\/barberasnacks.com\/en\/?s={search_term_string}\"},\"query-input\":{\"@type\":\"PropertyValueSpecification\",\"valueRequired\":true,\"valueName\":\"search_term_string\"}}],\"inLanguage\":\"en-US\"},{\"@type\":\"Organization\",\"@id\":\"https:\/\/barberasnacks.com\/en\/#organization\",\"name\":\"Barber\u00e1 Snacks\",\"url\":\"https:\/\/barberasnacks.com\/en\/\",\"logo\":{\"@type\":\"ImageObject\",\"inLanguage\":\"en-US\",\"@id\":\"https:\/\/barberasnacks.com\/en\/#\/schema\/logo\/image\/\",\"url\":\"https:\/\/2024.barberasnacks.com\/wp-content\/uploads\/2024\/05\/U-LOGO-1-1.png\",\"contentUrl\":\"https:\/\/2024.barberasnacks.com\/wp-content\/uploads\/2024\/05\/U-LOGO-1-1.png\",\"width\":695,\"height\":695,\"caption\":\"Barber\u00e1 Snacks\"},\"image\":{\"@id\":\"https:\/\/barberasnacks.com\/en\/#\/schema\/logo\/image\/\"},\"sameAs\":[\"https:\/\/es.linkedin.com\/company\/barbera-snacks\",\"https:\/\/www.instagram.com\/barberasnacks\/?hl=es\"]}]}<\/script>\n<!-- \/ Yoast SEO plugin. -->","yoast_head_json":{"title":"Privacy policy | Barber\u00e1 Snacks","robots":{"index":"noindex","follow":"nofollow"},"og_locale":"en_US","og_type":"article","og_title":"Privacy policy | Barber\u00e1 Snacks","og_url":"https:\/\/barberasnacks.com\/en\/privacy-policy\/","og_site_name":"Barber\u00e1 Snacks","article_modified_time":"2024-07-11T12:28:03+00:00","twitter_card":"summary_large_image","twitter_misc":{"Est. reading time":"3 minutes"},"schema":{"@context":"https:\/\/schema.org","@graph":[{"@type":"WebPage","@id":"https:\/\/barberasnacks.com\/en\/privacy-policy\/","url":"https:\/\/barberasnacks.com\/en\/privacy-policy\/","name":"Privacy policy | Barber\u00e1 Snacks","isPartOf":{"@id":"https:\/\/barberasnacks.com\/en\/#website"},"datePublished":"2024-05-02T12:34:59+00:00","dateModified":"2024-07-11T12:28:03+00:00","breadcrumb":{"@id":"https:\/\/barberasnacks.com\/en\/privacy-policy\/#breadcrumb"},"inLanguage":"en-US","potentialAction":[{"@type":"ReadAction","target":["https:\/\/barberasnacks.com\/en\/privacy-policy\/"]}]},{"@type":"BreadcrumbList","@id":"https:\/\/barberasnacks.com\/en\/privacy-policy\/#breadcrumb","itemListElement":[{"@type":"ListItem","position":1,"name":"Home","item":"https:\/\/barberasnacks.com\/en\/"},{"@type":"ListItem","position":2,"name":"Privacy policy"}]},{"@type":"WebSite","@id":"https:\/\/barberasnacks.com\/en\/#website","url":"https:\/\/barberasnacks.com\/en\/","name":"Barber\u00e1 Snacks","description":"Snacks a medida a trav\u00e9s de recetas secretas que aportan color, aroma y texturas \u00fanicas","publisher":{"@id":"https:\/\/barberasnacks.com\/en\/#organization"},"potentialAction":[{"@type":"SearchAction","target":{"@type":"EntryPoint","urlTemplate":"https:\/\/barberasnacks.com\/en\/?s={search_term_string}"},"query-input":{"@type":"PropertyValueSpecification","valueRequired":true,"valueName":"search_term_string"}}],"inLanguage":"en-US"},{"@type":"Organization","@id":"https:\/\/barberasnacks.com\/en\/#organization","name":"Barber\u00e1 Snacks","url":"https:\/\/barberasnacks.com\/en\/","logo":{"@type":"ImageObject","inLanguage":"en-US","@id":"https:\/\/barberasnacks.com\/en\/#\/schema\/logo\/image\/","url":"https:\/\/2024.barberasnacks.com\/wp-content\/uploads\/2024\/05\/U-LOGO-1-1.png","contentUrl":"https:\/\/2024.barberasnacks.com\/wp-content\/uploads\/2024\/05\/U-LOGO-1-1.png","width":695,"height":695,"caption":"Barber\u00e1 Snacks"},"image":{"@id":"https:\/\/barberasnacks.com\/en\/#\/schema\/logo\/image\/"},"sameAs":["https:\/\/es.linkedin.com\/company\/barbera-snacks","https:\/\/www.instagram.com\/barberasnacks\/?hl=es"]}]}},"_links":{"self":[{"href":"https:\/\/barberasnacks.com\/en\/wp-json\/wp\/v2\/pages\/810","targetHints":{"allow":["GET"]}}],"collection":[{"href":"https:\/\/barberasnacks.com\/en\/wp-json\/wp\/v2\/pages"}],"about":[{"href":"https:\/\/barberasnacks.com\/en\/wp-json\/wp\/v2\/types\/page"}],"author":[{"embeddable":true,"href":"https:\/\/barberasnacks.com\/en\/wp-json\/wp\/v2\/users\/1"}],"replies":[{"embeddable":true,"href":"https:\/\/barberasnacks.com\/en\/wp-json\/wp\/v2\/comments?post=810"}],"version-history":[{"count":5,"href":"https:\/\/barberasnacks.com\/en\/wp-json\/wp\/v2\/pages\/810\/revisions"}],"predecessor-version":[{"id":837,"href":"https:\/\/barberasnacks.com\/en\/wp-json\/wp\/v2\/pages\/810\/revisions\/837"}],"wp:attachment":[{"href":"https:\/\/barberasnacks.com\/en\/wp-json\/wp\/v2\/media?parent=810"}],"curies":[{"name":"wp","href":"https:\/\/api.w.org\/{rel}","templated":true}]}}